{"id":487,"date":"2020-06-10T20:39:53","date_gmt":"2020-06-10T20:39:53","guid":{"rendered":"http:\/\/ulaziaharagiak.com\/?page_id=487"},"modified":"2020-07-13T14:57:29","modified_gmt":"2020-07-13T14:57:29","slug":"seleccion","status":"publish","type":"page","link":"https:\/\/ulaziaharagiak.com\/es\/empresa\/seleccion\/","title":{"rendered":"Selecci\u00f3n"},"content":{"rendered":"<p>[et_pb_section fb_built=\u00bb1&#8243; _builder_version=\u00bb4.0.6&#8243; custom_margin=\u00bb0px||||false|false\u00bb custom_padding=\u00bb0px||||false|false\u00bb locked=\u00bboff\u00bb][et_pb_row _builder_version=\u00bb4.0.6&#8243; background_enable_image=\u00bboff\u00bb background_position=\u00bbbottom_center\u00bb custom_padding=\u00bb||10px||false|false\u00bb][et_pb_column type=\u00bb4_4&#8243; _builder_version=\u00bb4.0.6&#8243;][et_pb_text admin_label=\u00bbSelecci\u00f3n\u00bb _builder_version=\u00bb4.0.6&#8243; background_enable_image=\u00bboff\u00bb background_size=\u00bbinitial\u00bb background_position=\u00bbbottom_center\u00bb]<\/p>\n<h1 style=\"text-align: center;\">Selecci\u00f3n<\/h1>\n<p>[\/et_pb_text][\/et_pb_column][\/et_pb_row][et_pb_row column_structure=\u00bb3_4,1_4&#8243; use_custom_gutter=\u00bbon\u00bb gutter_width=\u00bb3&#8243; _builder_version=\u00bb4.0.6&#8243;][et_pb_column type=\u00bb3_4&#8243; _builder_version=\u00bb4.0.6&#8243;][et_pb_gallery gallery_ids=\u00bb295,296,297,298&#8243; show_title_and_caption=\u00bboff\u00bb show_pagination=\u00bboff\u00bb zoom_icon_color=\u00bb#cb035c\u00bb hover_overlay_color=\u00bbrgba(0,0,0,0.7)\u00bb hover_icon=\u00bb%%200%%\u00bb _builder_version=\u00bb4.0.6&#8243; custom_margin=\u00bb||30px||false|false\u00bb locked=\u00bboff\u00bb][\/et_pb_gallery][et_pb_text admin_label=\u00bbAnimaliak maite ditugu\u00bb _builder_version=\u00bb4.0.6&#8243;]<\/p>\n<h3>Nos gustan los animales<\/h3>\n<p>Nuestros a\u00f1os de experiencia en el sector nos han ense\u00f1ado que la vida del animal y su alimentaci\u00f3n influyen de manera considerable en la calidad final de la carne. Por ello escogemos los animales de nuestros caser\u00edos, teniendo en cuenta aspectos como el respeto por medio ambiente o el respeto por los propios animales. Tambi\u00e9n exigimos estrictos controles de calidad para todos nuestros proveedores. Con todo esto garantizamos una carne sabrosa y sana con la cantidad justa de grasa y con el mejor color y textura.<\/p>\n<p>Nos caracterizamos por la confianza que ofrecemos a nuestros clientes y por su satisfacci\u00f3n con la elecci\u00f3n de carnes que responden a sus necesidades.<\/p>\n<p>[\/et_pb_text][\/et_pb_column][et_pb_column type=\u00bb1_4&#8243; module_class=\u00bbsidebar-ulazia\u00bb _builder_version=\u00bb4.0.6&#8243;][et_pb_text admin_label=\u00bbNuestro Proceso\u00bb _builder_version=\u00bb4.0.6&#8243; custom_margin=\u00bb||0px||false|false\u00bb custom_padding=\u00bb||0px||false|false\u00bb]<\/p>\n<h3 class=\"widgettitle\">Nuestro Proceso<\/h3>\n<p>[\/et_pb_text][et_pb_menu menu_id=\u00bb3&#8243; module_class=\u00bbmenu-enpresa\u00bb _builder_version=\u00bb4.0.6&#8243;][\/et_pb_menu][et_pb_text admin_label=\u00bbHarremanetarako\u00bb _builder_version=\u00bb4.0.6&#8243;]<\/p>\n<h3 class=\"widgettitle\">Contacta con nosotros<\/h3>\n<p>Puedes ponerte en contacto con nosotros utilizando cualquiera de estos m\u00e9todos:<\/p>\n<ul class=\"icon_list\">\n<li class=\"email\"><a href=\"mailto:info@ulaziaharagiak.com\">info@ulaziaharagiak.com<\/a><\/li>\n<li class=\"phone last\"><a href=\"tel:606 085 335\">606 085 335<\/a><\/li>\n<\/ul>\n<p>[\/et_pb_text][\/et_pb_column][\/et_pb_row][\/et_pb_section]<\/p>\n","protected":false},"excerpt":{"rendered":"<p>Selecci\u00f3nNos gustan los animales Nuestros a\u00f1os de experiencia en el sector nos han ense\u00f1ado que la vida del animal y su alimentaci\u00f3n influyen de manera considerable en la calidad final de la carne. Por ello escogemos los animales de nuestros caser\u00edos, teniendo en cuenta aspectos como el respeto por medio ambiente o el respeto por [&hellip;]<\/p>\n","protected":false},"author":1,"featured_media":0,"parent":481,"menu_order":3,"comment_status":"closed","ping_status":"closed","template":"","meta":{"_et_pb_use_builder":"on","_et_pb_old_content":"[et_pb_section fb_built=\"1\" _builder_version=\"4.0.6\" custom_margin=\"0px||||false|false\" custom_padding=\"0px||||false|false\" locked=\"off\"][et_pb_row _builder_version=\"4.0.6\" background_enable_image=\"off\" background_position=\"bottom_center\" custom_padding=\"||10px||false|false\"][et_pb_column type=\"4_4\" _builder_version=\"4.0.6\"][et_pb_text admin_label=\"Aukeraketa\" _builder_version=\"4.0.6\" background_enable_image=\"off\" background_size=\"initial\" background_position=\"bottom_center\"]<h1 style=\"text-align: center;\">Aukeraketa<\/h1>[\/et_pb_text][\/et_pb_column][\/et_pb_row][et_pb_row column_structure=\"3_4,1_4\" use_custom_gutter=\"on\" gutter_width=\"3\" _builder_version=\"4.0.6\"][et_pb_column type=\"3_4\" _builder_version=\"4.0.6\"][et_pb_gallery gallery_ids=\"295,296,297,298\" show_title_and_caption=\"off\" show_pagination=\"off\" zoom_icon_color=\"#ffffff\" hover_overlay_color=\"rgba(127,127,127,0.5)\" hover_icon=\"%%52%%\" _builder_version=\"4.0.6\" hover_enabled=\"0\" custom_margin=\"||30px||false|false\"][\/et_pb_gallery][et_pb_text admin_label=\"Animaliak maite ditugu\" _builder_version=\"4.0.6\"]<h3>Animaliak maite ditugu<\/h3>\r\n<p>Sektorean daramatzagun urteek, animaliaren bizitzak eta bere elikadurak, haragiaren kalitatean eragin zuzena duela erakutsi digute. Horregatik, gure baserrietako animaliak aukeratzen ditugu, ingurugiroarekiko eta animaliarekiko errespetua oso kontutan hartuz. Honez gain, gure hornitzaileei kalitatezko kontrol zorrotzak exijitzen dizkiegu. Honekin guztiarekin, zapore oneko haragi osasuntsua bermatzen dugu, gantza kantitate egokia eta kolore eta ehundura onenak dituena.<\/p>\r\n<p>Gure ezaugarrien artean, bezeroei eskeintzen diegun konfidantza eta hauen beharrak asebetetzen dituen haragien aukeraketa azpimarra ditzakegu.<\/p>[\/et_pb_text][\/et_pb_column][et_pb_column type=\"1_4\" module_class=\"sidebar-ulazia\" _builder_version=\"4.0.6\"][et_pb_text admin_label=\"Gure Prozesua\" _builder_version=\"4.0.6\" custom_margin=\"||0px||false|false\" custom_padding=\"||0px||false|false\"]<h3 class=\"widgettitle\">Gure Prozesua<\/h3>[\/et_pb_text][et_pb_menu menu_id=\"3\" module_class=\"menu-enpresa\" _builder_version=\"4.0.6\"][\/et_pb_menu][et_pb_text admin_label=\"Harremanetarako\" _builder_version=\"4.0.6\"]<h3 class=\"widgettitle\">Harremanetarako<\/h3>\r\nGurekin harremanetan jartzeko hauetako edozein bide aukera dezakezue:\r\n<ul class=\"icon_list\">\r\n\t<li class=\"email\"><a href=\"mailto:info@ulaziaharagiak.com\">info@ulaziaharagiak.com<\/a><\/li>\r\n\t<li class=\"phone last\"><a href=\"tel:606 085 335\">606 085 335<\/a><\/li>\r\n<\/ul>[\/et_pb_text][\/et_pb_column][\/et_pb_row][\/et_pb_section]","_et_gb_content_width":"","footnotes":""},"class_list":["post-487","page","type-page","status-publish","hentry"],"yoast_head":"<!-- This site is optimized with the Yoast SEO plugin v24.4 - https:\/\/yoast.com\/wordpress\/plugins\/seo\/ -->\n<title>Selecci\u00f3n - Ulazia Haragiak<\/title>\n<meta name=\"robots\" content=\"index, follow, max-snippet:-1, max-image-preview:large, max-video-preview:-1\" \/>\n<link rel=\"canonical\" href=\"https:\/\/ulaziaharagiak.com\/es\/empresa\/seleccion\/\" \/>\n<meta property=\"og:locale\" content=\"es_ES\" \/>\n<meta property=\"og:type\" content=\"article\" \/>\n<meta property=\"og:title\" content=\"Selecci\u00f3n - Ulazia Haragiak\" \/>\n<meta property=\"og:description\" content=\"Selecci\u00f3nNos gustan los animales Nuestros a\u00f1os de experiencia en el sector nos han ense\u00f1ado que la vida del animal y su alimentaci\u00f3n influyen de manera considerable en la calidad final de la carne. Por ello escogemos los animales de nuestros caser\u00edos, teniendo en cuenta aspectos como el respeto por medio ambiente o el respeto por [&hellip;]\" \/>\n<meta property=\"og:url\" content=\"https:\/\/ulaziaharagiak.com\/es\/empresa\/seleccion\/\" \/>\n<meta property=\"og:site_name\" content=\"Ulazia Haragiak\" \/>\n<meta property=\"article:modified_time\" content=\"2020-07-13T14:57:29+00:00\" \/>\n<meta name=\"twitter:card\" content=\"summary_large_image\" \/>\n<meta name=\"twitter:label1\" content=\"Tiempo de lectura\" \/>\n\t<meta name=\"twitter:data1\" content=\"2 minutos\" \/>\n<script type=\"application\/ld+json\" class=\"yoast-schema-graph\">{\"@context\":\"https:\/\/schema.org\",\"@graph\":[{\"@type\":\"WebPage\",\"@id\":\"https:\/\/ulaziaharagiak.com\/es\/empresa\/seleccion\/\",\"url\":\"https:\/\/ulaziaharagiak.com\/es\/empresa\/seleccion\/\",\"name\":\"Selecci\u00f3n - Ulazia Haragiak\",\"isPartOf\":{\"@id\":\"https:\/\/ulaziaharagiak.com\/es\/#website\"},\"datePublished\":\"2020-06-10T20:39:53+00:00\",\"dateModified\":\"2020-07-13T14:57:29+00:00\",\"breadcrumb\":{\"@id\":\"https:\/\/ulaziaharagiak.com\/es\/empresa\/seleccion\/#breadcrumb\"},\"inLanguage\":\"es\",\"potentialAction\":[{\"@type\":\"ReadAction\",\"target\":[\"https:\/\/ulaziaharagiak.com\/es\/empresa\/seleccion\/\"]}]},{\"@type\":\"BreadcrumbList\",\"@id\":\"https:\/\/ulaziaharagiak.com\/es\/empresa\/seleccion\/#breadcrumb\",\"itemListElement\":[{\"@type\":\"ListItem\",\"position\":1,\"name\":\"Portada\",\"item\":\"https:\/\/ulaziaharagiak.com\/es\/\"},{\"@type\":\"ListItem\",\"position\":2,\"name\":\"Empresa\",\"item\":\"https:\/\/ulaziaharagiak.com\/es\/empresa\/\"},{\"@type\":\"ListItem\",\"position\":3,\"name\":\"Selecci\u00f3n\"}]},{\"@type\":\"WebSite\",\"@id\":\"https:\/\/ulaziaharagiak.com\/es\/#website\",\"url\":\"https:\/\/ulaziaharagiak.com\/es\/\",\"name\":\"Ulazia Haragiak\",\"description\":\"Carne seleccionada\",\"publisher\":{\"@id\":\"https:\/\/ulaziaharagiak.com\/es\/#organization\"},\"potentialAction\":[{\"@type\":\"SearchAction\",\"target\":{\"@type\":\"EntryPoint\",\"urlTemplate\":\"https:\/\/ulaziaharagiak.com\/es\/?s={search_term_string}\"},\"query-input\":{\"@type\":\"PropertyValueSpecification\",\"valueRequired\":true,\"valueName\":\"search_term_string\"}}],\"inLanguage\":\"es\"},{\"@type\":\"Organization\",\"@id\":\"https:\/\/ulaziaharagiak.com\/es\/#organization\",\"name\":\"Ulazia Haragiak s.l.\",\"url\":\"https:\/\/ulaziaharagiak.com\/es\/\",\"logo\":{\"@type\":\"ImageObject\",\"inLanguage\":\"es\",\"@id\":\"https:\/\/ulaziaharagiak.com\/es\/#\/schema\/logo\/image\/\",\"url\":\"http:\/\/ulaziaharagiak.com\/wp-content\/uploads\/2020\/07\/ulazia-haragiak.jpg\",\"contentUrl\":\"http:\/\/ulaziaharagiak.com\/wp-content\/uploads\/2020\/07\/ulazia-haragiak.jpg\",\"width\":320,\"height\":180,\"caption\":\"Ulazia Haragiak s.l.\"},\"image\":{\"@id\":\"https:\/\/ulaziaharagiak.com\/es\/#\/schema\/logo\/image\/\"}}]}<\/script>\n<!-- \/ Yoast SEO plugin. -->","yoast_head_json":{"title":"Selecci\u00f3n - Ulazia Haragiak","robots":{"index":"index","follow":"follow","max-snippet":"max-snippet:-1","max-image-preview":"max-image-preview:large","max-video-preview":"max-video-preview:-1"},"canonical":"https:\/\/ulaziaharagiak.com\/es\/empresa\/seleccion\/","og_locale":"es_ES","og_type":"article","og_title":"Selecci\u00f3n - Ulazia Haragiak","og_description":"Selecci\u00f3nNos gustan los animales Nuestros a\u00f1os de experiencia en el sector nos han ense\u00f1ado que la vida del animal y su alimentaci\u00f3n influyen de manera considerable en la calidad final de la carne. Por ello escogemos los animales de nuestros caser\u00edos, teniendo en cuenta aspectos como el respeto por medio ambiente o el respeto por [&hellip;]","og_url":"https:\/\/ulaziaharagiak.com\/es\/empresa\/seleccion\/","og_site_name":"Ulazia Haragiak","article_modified_time":"2020-07-13T14:57:29+00:00","twitter_card":"summary_large_image","twitter_misc":{"Tiempo de lectura":"2 minutos"},"schema":{"@context":"https:\/\/schema.org","@graph":[{"@type":"WebPage","@id":"https:\/\/ulaziaharagiak.com\/es\/empresa\/seleccion\/","url":"https:\/\/ulaziaharagiak.com\/es\/empresa\/seleccion\/","name":"Selecci\u00f3n - Ulazia Haragiak","isPartOf":{"@id":"https:\/\/ulaziaharagiak.com\/es\/#website"},"datePublished":"2020-06-10T20:39:53+00:00","dateModified":"2020-07-13T14:57:29+00:00","breadcrumb":{"@id":"https:\/\/ulaziaharagiak.com\/es\/empresa\/seleccion\/#breadcrumb"},"inLanguage":"es","potentialAction":[{"@type":"ReadAction","target":["https:\/\/ulaziaharagiak.com\/es\/empresa\/seleccion\/"]}]},{"@type":"BreadcrumbList","@id":"https:\/\/ulaziaharagiak.com\/es\/empresa\/seleccion\/#breadcrumb","itemListElement":[{"@type":"ListItem","position":1,"name":"Portada","item":"https:\/\/ulaziaharagiak.com\/es\/"},{"@type":"ListItem","position":2,"name":"Empresa","item":"https:\/\/ulaziaharagiak.com\/es\/empresa\/"},{"@type":"ListItem","position":3,"name":"Selecci\u00f3n"}]},{"@type":"WebSite","@id":"https:\/\/ulaziaharagiak.com\/es\/#website","url":"https:\/\/ulaziaharagiak.com\/es\/","name":"Ulazia Haragiak","description":"Carne seleccionada","publisher":{"@id":"https:\/\/ulaziaharagiak.com\/es\/#organization"},"potentialAction":[{"@type":"SearchAction","target":{"@type":"EntryPoint","urlTemplate":"https:\/\/ulaziaharagiak.com\/es\/?s={search_term_string}"},"query-input":{"@type":"PropertyValueSpecification","valueRequired":true,"valueName":"search_term_string"}}],"inLanguage":"es"},{"@type":"Organization","@id":"https:\/\/ulaziaharagiak.com\/es\/#organization","name":"Ulazia Haragiak s.l.","url":"https:\/\/ulaziaharagiak.com\/es\/","logo":{"@type":"ImageObject","inLanguage":"es","@id":"https:\/\/ulaziaharagiak.com\/es\/#\/schema\/logo\/image\/","url":"http:\/\/ulaziaharagiak.com\/wp-content\/uploads\/2020\/07\/ulazia-haragiak.jpg","contentUrl":"http:\/\/ulaziaharagiak.com\/wp-content\/uploads\/2020\/07\/ulazia-haragiak.jpg","width":320,"height":180,"caption":"Ulazia Haragiak s.l."},"image":{"@id":"https:\/\/ulaziaharagiak.com\/es\/#\/schema\/logo\/image\/"}}]}},"_links":{"self":[{"href":"https:\/\/ulaziaharagiak.com\/es\/wp-json\/wp\/v2\/pages\/487","targetHints":{"allow":["GET"]}}],"collection":[{"href":"https:\/\/ulaziaharagiak.com\/es\/wp-json\/wp\/v2\/pages"}],"about":[{"href":"https:\/\/ulaziaharagiak.com\/es\/wp-json\/wp\/v2\/types\/page"}],"author":[{"embeddable":true,"href":"https:\/\/ulaziaharagiak.com\/es\/wp-json\/wp\/v2\/users\/1"}],"replies":[{"embeddable":true,"href":"https:\/\/ulaziaharagiak.com\/es\/wp-json\/wp\/v2\/comments?post=487"}],"version-history":[{"count":5,"href":"https:\/\/ulaziaharagiak.com\/es\/wp-json\/wp\/v2\/pages\/487\/revisions"}],"predecessor-version":[{"id":683,"href":"https:\/\/ulaziaharagiak.com\/es\/wp-json\/wp\/v2\/pages\/487\/revisions\/683"}],"up":[{"embeddable":true,"href":"https:\/\/ulaziaharagiak.com\/es\/wp-json\/wp\/v2\/pages\/481"}],"wp:attachment":[{"href":"https:\/\/ulaziaharagiak.com\/es\/wp-json\/wp\/v2\/media?parent=487"}],"curies":[{"name":"wp","href":"https:\/\/api.w.org\/{rel}","templated":true}]}}