{"id":499,"date":"2020-06-10T20:56:29","date_gmt":"2020-06-10T20:56:29","guid":{"rendered":"http:\/\/ulaziaharagiak.com\/?page_id=499"},"modified":"2020-07-13T15:21:49","modified_gmt":"2020-07-13T15:21:49","slug":"distribucion","status":"publish","type":"page","link":"https:\/\/ulaziaharagiak.com\/es\/empresa\/distribucion\/","title":{"rendered":"Distribuci\u00f3n"},"content":{"rendered":"<p>[et_pb_section fb_built=\u00bb1&#8243; _builder_version=\u00bb4.0.6&#8243; custom_margin=\u00bb0px||||false|false\u00bb custom_padding=\u00bb0px||||false|false\u00bb locked=\u00bboff\u00bb][et_pb_row _builder_version=\u00bb4.0.6&#8243; background_enable_image=\u00bboff\u00bb background_position=\u00bbbottom_center\u00bb custom_padding=\u00bb||10px||false|false\u00bb][et_pb_column type=\u00bb4_4&#8243; _builder_version=\u00bb4.0.6&#8243;][et_pb_text admin_label=\u00bbBanaketa\u00bb _builder_version=\u00bb4.0.6&#8243; background_enable_image=\u00bboff\u00bb background_size=\u00bbinitial\u00bb background_position=\u00bbbottom_center\u00bb]<\/p>\n<h1 style=\"text-align: center;\">Distribuci\u00f3n<\/h1>\n<p>[\/et_pb_text][\/et_pb_column][\/et_pb_row][et_pb_row column_structure=\u00bb3_4,1_4&#8243; _builder_version=\u00bb4.0.6&#8243;][et_pb_column type=\u00bb3_4&#8243; _builder_version=\u00bb4.0.6&#8243;][et_pb_gallery gallery_ids=\u00bb323,324,325,326&#8243; show_title_and_caption=\u00bboff\u00bb show_pagination=\u00bboff\u00bb zoom_icon_color=\u00bb#cb035c\u00bb hover_overlay_color=\u00bbrgba(0,0,0,0.7)\u00bb hover_icon=\u00bb%%200%%\u00bb _builder_version=\u00bb4.0.6&#8243; custom_margin=\u00bb||30px||false|false\u00bb locked=\u00bboff\u00bb][\/et_pb_gallery][et_pb_text admin_label=\u00bb5 Izarretako Garraioa\u00bb _builder_version=\u00bb4.0.6&#8243;]<\/p>\n<h3>Transporte 5 estrellas<\/h3>\n<p>Entregamos los productos manteniendo en todo momento la cadena de fr\u00edo. Para ello disponemos de vehiculos totalmente acondicionados y equipados con las tecnolog\u00edas necesarias para cumplir con todas las normativas.<\/p>\n<p>Recibir\u00e1 el pedido con toda la documentaci\u00f3n de trazabilidad y origen de su pieza. Somos perfectamente conocedores de la importancia de procesos tan delicados como el env\u00edo de productos de estas caracter\u00edsticas, por ello hemos dedicado gran esmero a perfilar un proceso de preparaci\u00f3n y env\u00edo de nuestros productos que garantice su calidad y estado por encima de todo.<\/p>\n<p>Entregamos en funci\u00f3n de la zona de reparto y dependiendo de la disponibilidad de las piezas para asegurar su m\u00e1xima calidad. A su vez mantenemos una estrecha colaboraci\u00f3n con la empresa de transportes Integra2 para env\u00edos de largo recorrido, asegurando siempre el \u00f3ptimo estado del producto.<\/p>\n<p>[\/et_pb_text][\/et_pb_column][et_pb_column type=\u00bb1_4&#8243; module_class=\u00bbsidebar-ulazia\u00bb _builder_version=\u00bb4.0.6&#8243;][et_pb_text admin_label=\u00bbNuestro Proceso\u00bb _builder_version=\u00bb4.0.6&#8243; custom_margin=\u00bb||0px||false|false\u00bb custom_padding=\u00bb||0px||false|false\u00bb locked=\u00bboff\u00bb]<\/p>\n<h3 class=\"widgettitle\">Nuestro Proceso<\/h3>\n<p>[\/et_pb_text][et_pb_menu menu_id=\u00bb3&#8243; module_class=\u00bbmenu-enpresa\u00bb _builder_version=\u00bb4.0.6&#8243;][\/et_pb_menu][et_pb_text admin_label=\u00bbHarremanetarako\u00bb _builder_version=\u00bb4.0.6&#8243; locked=\u00bboff\u00bb]<\/p>\n<h3 class=\"widgettitle\">Contacta con nosotros<\/h3>\n<p>Puedes ponerte en contacto con nosotros utilizando cualquiera de estos m\u00e9todos:<\/p>\n<ul class=\"icon_list\">\n<li class=\"email\"><a href=\"mailto:info@ulaziaharagiak.com\">info@ulaziaharagiak.com<\/a><\/li>\n<li class=\"phone last\"><a href=\"tel:606 085 335\">606 085 335<\/a><\/li>\n<\/ul>\n<p>[\/et_pb_text][\/et_pb_column][\/et_pb_row][\/et_pb_section]<\/p>\n","protected":false},"excerpt":{"rendered":"<p>Distribuci\u00f3nTransporte 5 estrellas Entregamos los productos manteniendo en todo momento la cadena de fr\u00edo. Para ello disponemos de vehiculos totalmente acondicionados y equipados con las tecnolog\u00edas necesarias para cumplir con todas las normativas. Recibir\u00e1 el pedido con toda la documentaci\u00f3n de trazabilidad y origen de su pieza. Somos perfectamente conocedores de la importancia de procesos [&hellip;]<\/p>\n","protected":false},"author":1,"featured_media":0,"parent":481,"menu_order":5,"comment_status":"closed","ping_status":"closed","template":"","meta":{"_et_pb_use_builder":"on","_et_pb_old_content":"<p>[et_pb_section fb_built=\"1\" _builder_version=\"4.0.6\" custom_margin=\"0px||||false|false\" custom_padding=\"0px||||false|false\" locked=\"off\"][et_pb_row _builder_version=\"4.0.6\" background_enable_image=\"off\" background_position=\"bottom_center\" custom_padding=\"||10px||false|false\"][et_pb_column type=\"4_4\" _builder_version=\"4.0.6\"][et_pb_text admin_label=\"Banaketa\" _builder_version=\"4.0.6\" background_enable_image=\"off\" background_size=\"initial\" background_position=\"bottom_center\"]<\/p><h1 style=\"text-align: center;\">Banaketa<\/h1><p>[\/et_pb_text][\/et_pb_column][\/et_pb_row][et_pb_row column_structure=\"3_4,1_4\" _builder_version=\"4.0.6\"][et_pb_column type=\"3_4\" _builder_version=\"4.0.6\"][et_pb_gallery gallery_ids=\"323,324,325,326\" show_title_and_caption=\"off\" show_pagination=\"off\" zoom_icon_color=\"#ffffff\" hover_overlay_color=\"rgba(127,127,127,0.5)\" hover_icon=\"%%52%%\" _builder_version=\"4.0.6\" custom_margin=\"||30px||false|false\" hover_enabled=\"0\"][\/et_pb_gallery][et_pb_text admin_label=\"5 Izarretako Garraioa\" _builder_version=\"4.0.6\"]<\/p><h3>5 Izarretako Garraioa<\/h3><p>Gure produktuak eramaten ditugu, denbora guztian zehar hotz-katea amntenduz. Horretarako, arau guztiak betetzeko beharrezkoak diren teknologia duten ibilgailuak ditugu.<\/p><p>Eskaria, bere trazabilitatea eta jatorria azaltzen duen dokumentazioarekin jasoko duzu. Ezaugarri hauetako produktuen garraioaren garrantziaz ohartzen gara. Horregatik, saiakera izugarria egin dugu gure produktuen egoera eta kalitatea bermatuko duen prestaketa eta bidalketa prozesua marrazten.<\/p><p>Kalitate gorena ziurtatzeko, zonaldea eta bitartekoen arabera egiten dugu banaketa. Aldi berean, Integra2 garraio enpresarekin kolaborazio estua mantentzen dugu distantzia handiko bidalketetan beti produktuaren egoera onena ziurtatzeko.<\/p><p>[\/et_pb_text][\/et_pb_column][et_pb_column type=\"1_4\" module_class=\"sidebar-ulazia\" _builder_version=\"4.0.6\"][et_pb_text admin_label=\"Gure Prozesua\" _builder_version=\"4.0.6\" custom_margin=\"||0px||false|false\" custom_padding=\"||0px||false|false\"]<\/p><h3 class=\"widgettitle\">Gure Prozesua<\/h3><p>[\/et_pb_text][et_pb_menu menu_id=\"3\" module_class=\"menu-enpresa\" _builder_version=\"4.0.6\"][\/et_pb_menu][et_pb_text admin_label=\"Harremanetarako\" _builder_version=\"4.0.6\" text_font_size=\"14px\" link_font_size=\"14px\" locked=\"off\"]<\/p><h3 class=\"widgettitle\">Harremanetarako<\/h3><p>Gurekin harremanetan jartzeko hauetako edozein bide aukera dezakezue:<\/p><ul class=\"icon_list\"><li class=\"email\"><a href=\"mailto:info@ulaziaharagiak.com\">info@ulaziaharagiak.com<\/a><\/li><li class=\"phone last\"><a href=\"tel:606 085 335\">606 085 335<\/a><\/li><\/ul><p>[\/et_pb_text][\/et_pb_column][\/et_pb_row][\/et_pb_section]<\/p>","_et_gb_content_width":"","footnotes":""},"class_list":["post-499","page","type-page","status-publish","hentry"],"yoast_head":"<!-- This site is optimized with the Yoast SEO plugin v24.4 - https:\/\/yoast.com\/wordpress\/plugins\/seo\/ -->\n<title>Distribuci\u00f3n - Ulazia Haragiak<\/title>\n<meta name=\"robots\" content=\"index, follow, max-snippet:-1, max-image-preview:large, max-video-preview:-1\" \/>\n<link rel=\"canonical\" href=\"https:\/\/ulaziaharagiak.com\/es\/empresa\/distribucion\/\" \/>\n<meta property=\"og:locale\" content=\"es_ES\" \/>\n<meta property=\"og:type\" content=\"article\" \/>\n<meta property=\"og:title\" content=\"Distribuci\u00f3n - Ulazia Haragiak\" \/>\n<meta property=\"og:description\" content=\"Distribuci\u00f3nTransporte 5 estrellas Entregamos los productos manteniendo en todo momento la cadena de fr\u00edo. Para ello disponemos de vehiculos totalmente acondicionados y equipados con las tecnolog\u00edas necesarias para cumplir con todas las normativas. Recibir\u00e1 el pedido con toda la documentaci\u00f3n de trazabilidad y origen de su pieza. Somos perfectamente conocedores de la importancia de procesos [&hellip;]\" \/>\n<meta property=\"og:url\" content=\"https:\/\/ulaziaharagiak.com\/es\/empresa\/distribucion\/\" \/>\n<meta property=\"og:site_name\" content=\"Ulazia Haragiak\" \/>\n<meta property=\"article:modified_time\" content=\"2020-07-13T15:21:49+00:00\" \/>\n<meta name=\"twitter:card\" content=\"summary_large_image\" \/>\n<meta name=\"twitter:label1\" content=\"Tiempo de lectura\" \/>\n\t<meta name=\"twitter:data1\" content=\"2 minutos\" \/>\n<script type=\"application\/ld+json\" class=\"yoast-schema-graph\">{\"@context\":\"https:\/\/schema.org\",\"@graph\":[{\"@type\":\"WebPage\",\"@id\":\"https:\/\/ulaziaharagiak.com\/es\/empresa\/distribucion\/\",\"url\":\"https:\/\/ulaziaharagiak.com\/es\/empresa\/distribucion\/\",\"name\":\"Distribuci\u00f3n - Ulazia Haragiak\",\"isPartOf\":{\"@id\":\"https:\/\/ulaziaharagiak.com\/es\/#website\"},\"datePublished\":\"2020-06-10T20:56:29+00:00\",\"dateModified\":\"2020-07-13T15:21:49+00:00\",\"breadcrumb\":{\"@id\":\"https:\/\/ulaziaharagiak.com\/es\/empresa\/distribucion\/#breadcrumb\"},\"inLanguage\":\"es\",\"potentialAction\":[{\"@type\":\"ReadAction\",\"target\":[\"https:\/\/ulaziaharagiak.com\/es\/empresa\/distribucion\/\"]}]},{\"@type\":\"BreadcrumbList\",\"@id\":\"https:\/\/ulaziaharagiak.com\/es\/empresa\/distribucion\/#breadcrumb\",\"itemListElement\":[{\"@type\":\"ListItem\",\"position\":1,\"name\":\"Portada\",\"item\":\"https:\/\/ulaziaharagiak.com\/es\/\"},{\"@type\":\"ListItem\",\"position\":2,\"name\":\"Empresa\",\"item\":\"https:\/\/ulaziaharagiak.com\/es\/empresa\/\"},{\"@type\":\"ListItem\",\"position\":3,\"name\":\"Distribuci\u00f3n\"}]},{\"@type\":\"WebSite\",\"@id\":\"https:\/\/ulaziaharagiak.com\/es\/#website\",\"url\":\"https:\/\/ulaziaharagiak.com\/es\/\",\"name\":\"Ulazia Haragiak\",\"description\":\"Carne seleccionada\",\"publisher\":{\"@id\":\"https:\/\/ulaziaharagiak.com\/es\/#organization\"},\"potentialAction\":[{\"@type\":\"SearchAction\",\"target\":{\"@type\":\"EntryPoint\",\"urlTemplate\":\"https:\/\/ulaziaharagiak.com\/es\/?s={search_term_string}\"},\"query-input\":{\"@type\":\"PropertyValueSpecification\",\"valueRequired\":true,\"valueName\":\"search_term_string\"}}],\"inLanguage\":\"es\"},{\"@type\":\"Organization\",\"@id\":\"https:\/\/ulaziaharagiak.com\/es\/#organization\",\"name\":\"Ulazia Haragiak s.l.\",\"url\":\"https:\/\/ulaziaharagiak.com\/es\/\",\"logo\":{\"@type\":\"ImageObject\",\"inLanguage\":\"es\",\"@id\":\"https:\/\/ulaziaharagiak.com\/es\/#\/schema\/logo\/image\/\",\"url\":\"http:\/\/ulaziaharagiak.com\/wp-content\/uploads\/2020\/07\/ulazia-haragiak.jpg\",\"contentUrl\":\"http:\/\/ulaziaharagiak.com\/wp-content\/uploads\/2020\/07\/ulazia-haragiak.jpg\",\"width\":320,\"height\":180,\"caption\":\"Ulazia Haragiak s.l.\"},\"image\":{\"@id\":\"https:\/\/ulaziaharagiak.com\/es\/#\/schema\/logo\/image\/\"}}]}<\/script>\n<!-- \/ Yoast SEO plugin. -->","yoast_head_json":{"title":"Distribuci\u00f3n - Ulazia Haragiak","robots":{"index":"index","follow":"follow","max-snippet":"max-snippet:-1","max-image-preview":"max-image-preview:large","max-video-preview":"max-video-preview:-1"},"canonical":"https:\/\/ulaziaharagiak.com\/es\/empresa\/distribucion\/","og_locale":"es_ES","og_type":"article","og_title":"Distribuci\u00f3n - Ulazia Haragiak","og_description":"Distribuci\u00f3nTransporte 5 estrellas Entregamos los productos manteniendo en todo momento la cadena de fr\u00edo. Para ello disponemos de vehiculos totalmente acondicionados y equipados con las tecnolog\u00edas necesarias para cumplir con todas las normativas. Recibir\u00e1 el pedido con toda la documentaci\u00f3n de trazabilidad y origen de su pieza. Somos perfectamente conocedores de la importancia de procesos [&hellip;]","og_url":"https:\/\/ulaziaharagiak.com\/es\/empresa\/distribucion\/","og_site_name":"Ulazia Haragiak","article_modified_time":"2020-07-13T15:21:49+00:00","twitter_card":"summary_large_image","twitter_misc":{"Tiempo de lectura":"2 minutos"},"schema":{"@context":"https:\/\/schema.org","@graph":[{"@type":"WebPage","@id":"https:\/\/ulaziaharagiak.com\/es\/empresa\/distribucion\/","url":"https:\/\/ulaziaharagiak.com\/es\/empresa\/distribucion\/","name":"Distribuci\u00f3n - Ulazia Haragiak","isPartOf":{"@id":"https:\/\/ulaziaharagiak.com\/es\/#website"},"datePublished":"2020-06-10T20:56:29+00:00","dateModified":"2020-07-13T15:21:49+00:00","breadcrumb":{"@id":"https:\/\/ulaziaharagiak.com\/es\/empresa\/distribucion\/#breadcrumb"},"inLanguage":"es","potentialAction":[{"@type":"ReadAction","target":["https:\/\/ulaziaharagiak.com\/es\/empresa\/distribucion\/"]}]},{"@type":"BreadcrumbList","@id":"https:\/\/ulaziaharagiak.com\/es\/empresa\/distribucion\/#breadcrumb","itemListElement":[{"@type":"ListItem","position":1,"name":"Portada","item":"https:\/\/ulaziaharagiak.com\/es\/"},{"@type":"ListItem","position":2,"name":"Empresa","item":"https:\/\/ulaziaharagiak.com\/es\/empresa\/"},{"@type":"ListItem","position":3,"name":"Distribuci\u00f3n"}]},{"@type":"WebSite","@id":"https:\/\/ulaziaharagiak.com\/es\/#website","url":"https:\/\/ulaziaharagiak.com\/es\/","name":"Ulazia Haragiak","description":"Carne seleccionada","publisher":{"@id":"https:\/\/ulaziaharagiak.com\/es\/#organization"},"potentialAction":[{"@type":"SearchAction","target":{"@type":"EntryPoint","urlTemplate":"https:\/\/ulaziaharagiak.com\/es\/?s={search_term_string}"},"query-input":{"@type":"PropertyValueSpecification","valueRequired":true,"valueName":"search_term_string"}}],"inLanguage":"es"},{"@type":"Organization","@id":"https:\/\/ulaziaharagiak.com\/es\/#organization","name":"Ulazia Haragiak s.l.","url":"https:\/\/ulaziaharagiak.com\/es\/","logo":{"@type":"ImageObject","inLanguage":"es","@id":"https:\/\/ulaziaharagiak.com\/es\/#\/schema\/logo\/image\/","url":"http:\/\/ulaziaharagiak.com\/wp-content\/uploads\/2020\/07\/ulazia-haragiak.jpg","contentUrl":"http:\/\/ulaziaharagiak.com\/wp-content\/uploads\/2020\/07\/ulazia-haragiak.jpg","width":320,"height":180,"caption":"Ulazia Haragiak s.l."},"image":{"@id":"https:\/\/ulaziaharagiak.com\/es\/#\/schema\/logo\/image\/"}}]}},"_links":{"self":[{"href":"https:\/\/ulaziaharagiak.com\/es\/wp-json\/wp\/v2\/pages\/499","targetHints":{"allow":["GET"]}}],"collection":[{"href":"https:\/\/ulaziaharagiak.com\/es\/wp-json\/wp\/v2\/pages"}],"about":[{"href":"https:\/\/ulaziaharagiak.com\/es\/wp-json\/wp\/v2\/types\/page"}],"author":[{"embeddable":true,"href":"https:\/\/ulaziaharagiak.com\/es\/wp-json\/wp\/v2\/users\/1"}],"replies":[{"embeddable":true,"href":"https:\/\/ulaziaharagiak.com\/es\/wp-json\/wp\/v2\/comments?post=499"}],"version-history":[{"count":4,"href":"https:\/\/ulaziaharagiak.com\/es\/wp-json\/wp\/v2\/pages\/499\/revisions"}],"predecessor-version":[{"id":688,"href":"https:\/\/ulaziaharagiak.com\/es\/wp-json\/wp\/v2\/pages\/499\/revisions\/688"}],"up":[{"embeddable":true,"href":"https:\/\/ulaziaharagiak.com\/es\/wp-json\/wp\/v2\/pages\/481"}],"wp:attachment":[{"href":"https:\/\/ulaziaharagiak.com\/es\/wp-json\/wp\/v2\/media?parent=499"}],"curies":[{"name":"wp","href":"https:\/\/api.w.org\/{rel}","templated":true}]}}