{"id":640,"date":"2020-07-07T16:42:43","date_gmt":"2020-07-07T16:42:43","guid":{"rendered":"http:\/\/ulaziaharagiak.com\/?page_id=640"},"modified":"2020-07-14T11:23:49","modified_gmt":"2020-07-14T11:23:49","slug":"politica-de-cookies","status":"publish","type":"page","link":"https:\/\/ulaziaharagiak.com\/es\/politica-de-cookies\/","title":{"rendered":"Pol\u00edtica de cookies"},"content":{"rendered":"<div class=\"erosteko-baldintzak\">\n<h2>\u00bfQu\u00e9 son las cookies?<\/h2>\n<p>Las cookies son peque\u00f1os archivos de texto inofensivos que se descargan en tu equipo al acceder a una p\u00e1gina web. No son virus malignos, sino herramientas que cumplen un papel esencial para la prestaci\u00f3n de numerosos servicios en internet. Entre otras cosas permiten recordar el idioma en el que quieres navegar en la web, recopilar estad\u00edsticas para optimizar la funcionalidad del sitio o que puedas compartir nuestros contenidos en tus redes sociales.<\/p>\n<h2>\u00bfQu\u00e9 tipos de cookies existen?<\/h2>\n<h3>COOKIES T\u00c9CNICAS<\/h3>\n<p>Son las m\u00e1s elementales y permiten, entre otras cosas, saber cu\u00e1ndo est\u00e1 navegando un humano o una aplicaci\u00f3n automatizada, cu\u00e1ndo navega un usuario<br \/>\nan\u00f3nimo y uno registrado, tareas b\u00e1sicas para el funcionamiento de cualquier web din\u00e1mica.<\/p>\n<h3>COOKIES DE PERSONALIZACI\u00d3N<\/h3>\n<p>Son aqu\u00e9llas que permiten al usuario acceder al servicio con algunas caracter\u00edsticas personalizadas. Como el idioma, la configuraci\u00f3n regional, etc.<\/p>\n<h3>COOKIES DE AN\u00c1LISIS<\/h3>\n<p>Son aquellas que permiten cuantificar el n\u00famero de usuarios y realizar la medici\u00f3n y an\u00e1lisis estad\u00edstico de la utilizaci\u00f3n de nuestra web.<\/p>\n<h3>COOKIES PUBLICITARIAS<\/h3>\n<p>Muestran publicidad en funci\u00f3n de tu navegaci\u00f3n, tu pa\u00eds de procedencia, idioma, etc.<\/p>\n<h3>COOKIES DE PUBLICIDAD COMPORTAMENTAL<\/h3>\n<p>Son aqu\u00e9llas que permiten la gesti\u00f3n, de la forma m\u00e1s eficaz posible, de los espacios publicitarios. Estas cookies almacenan informaci\u00f3n del comportamiento de los usuarios obtenida a trav\u00e9s de la observaci\u00f3n continuada de sus h\u00e1bitos de navegaci\u00f3n, lo que permite desarrollar un perfil espec\u00edfico para mostrar publicidad en funci\u00f3n del mismo.<\/p>\n<h2>\u00bfQu\u00e9 son las cookies propias y las de terceros?<\/h2>\n<p>Las cookies propias son las generadas por la p\u00e1gina que est\u00e1s visitando y las de terceros son las generadas por servicios o proveedores externos como Facebook, Twitter, Google, etc.<\/p>\n<h2>Cookies utilizadas en este sitio web<\/h2>\n<p>Siguiendo las directrices de la Agencia Espa\u00f1ola de Protecci\u00f3n de Datos procedemos a detallar el uso de cookies que hace esta web con el fin de informarte con la m\u00e1xima exactitud posible. Este sitio web utiliza las siguientes cookies propias:<\/p>\n<p>COOKIES DE SESI\u00d3N: Para guardar la aceptaci\u00f3n de la pol\u00edtica de cookies de este sitio y no volver a mostrarte el mensaje de aviso.<br \/>\nEste sitio web utiliza las siguientes cookies de terceros:<\/p>\n<p>GOOGLE ANALYTICS: Almacena cookies para poder elaborar estad\u00edsticas sobre el tr\u00e1fico y volumen de visitas de esta web. Al utilizar este sitio web est\u00e1s consintiendo el tratamiento de informaci\u00f3n acerca de ti por Google. Por tanto, el ejercicio de cualquier derecho en este sentido deber\u00e1s hacerlo comunicando directamente con Google. Esta empresa almacena las cookies en servidores ubicados en Estados Unidos y se compromete a no compartirla con terceros, excepto en los casos en los que sea necesario para el funcionamiento del sistema o cuando la ley obligue a tal efecto. Seg\u00fan Google no guarda su direcci\u00f3n IP. Google<br \/>\nInc. es una compa\u00f1\u00eda adherida al Acuerdo de Puerto Seguro que garantiza que todos los datos transferidos ser\u00e1n tratados con un nivel de protecci\u00f3n acorde a la normativa europea. Puedes consultar informaci\u00f3n detallada a este respecto en este enlace. Si deseas informaci\u00f3n sobre el uso que Google da a las cookies proporcionamos este otro enlace.<\/p>\n<h2>C\u00f3mo desactivar nuestras cookies (o cualquier otra)<\/h2>\n<p>Aunque la mayor\u00eda de los navegadores acepta cookies de forma autom\u00e1tica, puedes modificar la configuraci\u00f3n de tu navegador para permitir, bloquear o eliminar las cookies instaladas en tu equipo.<br \/>\nA continuaci\u00f3n te ofrecemos enlaces en los que encontrar\u00e1s informaci\u00f3n sobre c\u00f3mo configurar tus preferencias de cookies en los principales navegadores:<\/p>\n<ul>\n<li>Internet Explorer<\/li>\n<li>Google Chrome<\/li>\n<li>Firefox<\/li>\n<li>Safari<\/li>\n<li>Windows Phone<\/li>\n<li>BlackBerry<\/li>\n<\/ul>\n<p>En caso de que decidas desactivar todas las cookies, la calidad y rapidez del servicio podr\u00eda disminuir e, incluso, podr\u00edas perder el acceso a algunos de los<br \/>\nservicios o secciones ofrecidos por esta web.<\/p>\n<h2>Notas adicionales<\/h2>\n<p>Ni esta web ni sus representantes legales se hacen responsables ni del contenido ni de la veracidad de las pol\u00edticas de privacidad que puedan tener los terceros mencionados en esta pol\u00edtica de cookies. Los navegadores web son las herramientas encargadas de almacenar las cookies y desde este lugar debe efectuar su derecho a eliminaci\u00f3n o desactivaci\u00f3n de las mismas. Ni esta web ni sus representantes legales pueden garantizar la correcta o incorrecta manipulaci\u00f3n de las cookies por parte de los mencionados navegadores. En algunos casos es necesario instalar cookies para que el navegador no olvide su decisi\u00f3n de no<br \/>\naceptaci\u00f3n de las mismas. En el caso de las cookies de Google Analytics, esta empresa almacena las cookies en servidores ubicados en Estados Unidos y se compromete a no compartirla con terceros, excepto en los casos en los que sea necesario para el funcionamiento del sistema o cuando la ley obligue a tal efecto.<br \/>\nSeg\u00fan Google no guarda su direcci\u00f3n IP. Google Inc. es una compa\u00f1\u00eda adherida al Acuerdo de Puerto Seguro que garantiza que todos los datos transferidos ser\u00e1n tratados con un nivel de protecci\u00f3n acorde a la normativa europea. Puede consultar informaci\u00f3n detallada a este respecto en este enlace. Si desea informaci\u00f3n sobre el uso que Google da a las cookies le adjuntamos este otro enlace. Para cualquier duda o consulta acerca de esta pol\u00edtica de cookies no dude en comunicarse con nosotros a trav\u00e9s de la secci\u00f3n de contacto.<\/p>\n<\/div>\n","protected":false},"excerpt":{"rendered":"<p>\u00bfQu\u00e9 son las cookies? Las cookies son peque\u00f1os archivos de texto inofensivos que se descargan en tu equipo al acceder a una p\u00e1gina web. No son virus malignos, sino herramientas que cumplen un papel esencial para la prestaci\u00f3n de numerosos servicios en internet. Entre otras cosas permiten recordar el idioma en el que quieres navegar [&hellip;]<\/p>\n","protected":false},"author":1,"featured_media":0,"parent":0,"menu_order":4,"comment_status":"closed","ping_status":"closed","template":"","meta":{"_et_pb_use_builder":"","_et_pb_old_content":"","_et_gb_content_width":"","footnotes":""},"class_list":["post-640","page","type-page","status-publish","hentry"],"yoast_head":"<!-- This site is optimized with the Yoast SEO plugin v24.4 - https:\/\/yoast.com\/wordpress\/plugins\/seo\/ -->\n<title>Pol\u00edtica de cookies - Ulazia Haragiak<\/title>\n<meta name=\"robots\" content=\"index, follow, max-snippet:-1, max-image-preview:large, max-video-preview:-1\" \/>\n<link rel=\"canonical\" href=\"https:\/\/ulaziaharagiak.com\/es\/politica-de-cookies\/\" \/>\n<meta property=\"og:locale\" content=\"es_ES\" \/>\n<meta property=\"og:type\" content=\"article\" \/>\n<meta property=\"og:title\" content=\"Pol\u00edtica de cookies - Ulazia Haragiak\" \/>\n<meta property=\"og:description\" content=\"\u00bfQu\u00e9 son las cookies? Las cookies son peque\u00f1os archivos de texto inofensivos que se descargan en tu equipo al acceder a una p\u00e1gina web. No son virus malignos, sino herramientas que cumplen un papel esencial para la prestaci\u00f3n de numerosos servicios en internet. Entre otras cosas permiten recordar el idioma en el que quieres navegar [&hellip;]\" \/>\n<meta property=\"og:url\" content=\"https:\/\/ulaziaharagiak.com\/es\/politica-de-cookies\/\" \/>\n<meta property=\"og:site_name\" content=\"Ulazia Haragiak\" \/>\n<meta property=\"article:modified_time\" content=\"2020-07-14T11:23:49+00:00\" \/>\n<meta name=\"twitter:card\" content=\"summary_large_image\" \/>\n<meta name=\"twitter:label1\" content=\"Tiempo de lectura\" \/>\n\t<meta name=\"twitter:data1\" content=\"5 minutos\" \/>\n<script type=\"application\/ld+json\" class=\"yoast-schema-graph\">{\"@context\":\"https:\/\/schema.org\",\"@graph\":[{\"@type\":\"WebPage\",\"@id\":\"https:\/\/ulaziaharagiak.com\/es\/politica-de-cookies\/\",\"url\":\"https:\/\/ulaziaharagiak.com\/es\/politica-de-cookies\/\",\"name\":\"Pol\u00edtica de cookies - Ulazia Haragiak\",\"isPartOf\":{\"@id\":\"https:\/\/ulaziaharagiak.com\/es\/#website\"},\"datePublished\":\"2020-07-07T16:42:43+00:00\",\"dateModified\":\"2020-07-14T11:23:49+00:00\",\"breadcrumb\":{\"@id\":\"https:\/\/ulaziaharagiak.com\/es\/politica-de-cookies\/#breadcrumb\"},\"inLanguage\":\"es\",\"potentialAction\":[{\"@type\":\"ReadAction\",\"target\":[\"https:\/\/ulaziaharagiak.com\/es\/politica-de-cookies\/\"]}]},{\"@type\":\"BreadcrumbList\",\"@id\":\"https:\/\/ulaziaharagiak.com\/es\/politica-de-cookies\/#breadcrumb\",\"itemListElement\":[{\"@type\":\"ListItem\",\"position\":1,\"name\":\"Portada\",\"item\":\"https:\/\/ulaziaharagiak.com\/es\/\"},{\"@type\":\"ListItem\",\"position\":2,\"name\":\"Pol\u00edtica de cookies\"}]},{\"@type\":\"WebSite\",\"@id\":\"https:\/\/ulaziaharagiak.com\/es\/#website\",\"url\":\"https:\/\/ulaziaharagiak.com\/es\/\",\"name\":\"Ulazia Haragiak\",\"description\":\"Carne seleccionada\",\"publisher\":{\"@id\":\"https:\/\/ulaziaharagiak.com\/es\/#organization\"},\"potentialAction\":[{\"@type\":\"SearchAction\",\"target\":{\"@type\":\"EntryPoint\",\"urlTemplate\":\"https:\/\/ulaziaharagiak.com\/es\/?s={search_term_string}\"},\"query-input\":{\"@type\":\"PropertyValueSpecification\",\"valueRequired\":true,\"valueName\":\"search_term_string\"}}],\"inLanguage\":\"es\"},{\"@type\":\"Organization\",\"@id\":\"https:\/\/ulaziaharagiak.com\/es\/#organization\",\"name\":\"Ulazia Haragiak s.l.\",\"url\":\"https:\/\/ulaziaharagiak.com\/es\/\",\"logo\":{\"@type\":\"ImageObject\",\"inLanguage\":\"es\",\"@id\":\"https:\/\/ulaziaharagiak.com\/es\/#\/schema\/logo\/image\/\",\"url\":\"http:\/\/ulaziaharagiak.com\/wp-content\/uploads\/2020\/07\/ulazia-haragiak.jpg\",\"contentUrl\":\"http:\/\/ulaziaharagiak.com\/wp-content\/uploads\/2020\/07\/ulazia-haragiak.jpg\",\"width\":320,\"height\":180,\"caption\":\"Ulazia Haragiak s.l.\"},\"image\":{\"@id\":\"https:\/\/ulaziaharagiak.com\/es\/#\/schema\/logo\/image\/\"}}]}<\/script>\n<!-- \/ Yoast SEO plugin. -->","yoast_head_json":{"title":"Pol\u00edtica de cookies - Ulazia Haragiak","robots":{"index":"index","follow":"follow","max-snippet":"max-snippet:-1","max-image-preview":"max-image-preview:large","max-video-preview":"max-video-preview:-1"},"canonical":"https:\/\/ulaziaharagiak.com\/es\/politica-de-cookies\/","og_locale":"es_ES","og_type":"article","og_title":"Pol\u00edtica de cookies - Ulazia Haragiak","og_description":"\u00bfQu\u00e9 son las cookies? Las cookies son peque\u00f1os archivos de texto inofensivos que se descargan en tu equipo al acceder a una p\u00e1gina web. No son virus malignos, sino herramientas que cumplen un papel esencial para la prestaci\u00f3n de numerosos servicios en internet. Entre otras cosas permiten recordar el idioma en el que quieres navegar [&hellip;]","og_url":"https:\/\/ulaziaharagiak.com\/es\/politica-de-cookies\/","og_site_name":"Ulazia Haragiak","article_modified_time":"2020-07-14T11:23:49+00:00","twitter_card":"summary_large_image","twitter_misc":{"Tiempo de lectura":"5 minutos"},"schema":{"@context":"https:\/\/schema.org","@graph":[{"@type":"WebPage","@id":"https:\/\/ulaziaharagiak.com\/es\/politica-de-cookies\/","url":"https:\/\/ulaziaharagiak.com\/es\/politica-de-cookies\/","name":"Pol\u00edtica de cookies - Ulazia Haragiak","isPartOf":{"@id":"https:\/\/ulaziaharagiak.com\/es\/#website"},"datePublished":"2020-07-07T16:42:43+00:00","dateModified":"2020-07-14T11:23:49+00:00","breadcrumb":{"@id":"https:\/\/ulaziaharagiak.com\/es\/politica-de-cookies\/#breadcrumb"},"inLanguage":"es","potentialAction":[{"@type":"ReadAction","target":["https:\/\/ulaziaharagiak.com\/es\/politica-de-cookies\/"]}]},{"@type":"BreadcrumbList","@id":"https:\/\/ulaziaharagiak.com\/es\/politica-de-cookies\/#breadcrumb","itemListElement":[{"@type":"ListItem","position":1,"name":"Portada","item":"https:\/\/ulaziaharagiak.com\/es\/"},{"@type":"ListItem","position":2,"name":"Pol\u00edtica de cookies"}]},{"@type":"WebSite","@id":"https:\/\/ulaziaharagiak.com\/es\/#website","url":"https:\/\/ulaziaharagiak.com\/es\/","name":"Ulazia Haragiak","description":"Carne seleccionada","publisher":{"@id":"https:\/\/ulaziaharagiak.com\/es\/#organization"},"potentialAction":[{"@type":"SearchAction","target":{"@type":"EntryPoint","urlTemplate":"https:\/\/ulaziaharagiak.com\/es\/?s={search_term_string}"},"query-input":{"@type":"PropertyValueSpecification","valueRequired":true,"valueName":"search_term_string"}}],"inLanguage":"es"},{"@type":"Organization","@id":"https:\/\/ulaziaharagiak.com\/es\/#organization","name":"Ulazia Haragiak s.l.","url":"https:\/\/ulaziaharagiak.com\/es\/","logo":{"@type":"ImageObject","inLanguage":"es","@id":"https:\/\/ulaziaharagiak.com\/es\/#\/schema\/logo\/image\/","url":"http:\/\/ulaziaharagiak.com\/wp-content\/uploads\/2020\/07\/ulazia-haragiak.jpg","contentUrl":"http:\/\/ulaziaharagiak.com\/wp-content\/uploads\/2020\/07\/ulazia-haragiak.jpg","width":320,"height":180,"caption":"Ulazia Haragiak s.l."},"image":{"@id":"https:\/\/ulaziaharagiak.com\/es\/#\/schema\/logo\/image\/"}}]}},"_links":{"self":[{"href":"https:\/\/ulaziaharagiak.com\/es\/wp-json\/wp\/v2\/pages\/640","targetHints":{"allow":["GET"]}}],"collection":[{"href":"https:\/\/ulaziaharagiak.com\/es\/wp-json\/wp\/v2\/pages"}],"about":[{"href":"https:\/\/ulaziaharagiak.com\/es\/wp-json\/wp\/v2\/types\/page"}],"author":[{"embeddable":true,"href":"https:\/\/ulaziaharagiak.com\/es\/wp-json\/wp\/v2\/users\/1"}],"replies":[{"embeddable":true,"href":"https:\/\/ulaziaharagiak.com\/es\/wp-json\/wp\/v2\/comments?post=640"}],"version-history":[{"count":1,"href":"https:\/\/ulaziaharagiak.com\/es\/wp-json\/wp\/v2\/pages\/640\/revisions"}],"predecessor-version":[{"id":641,"href":"https:\/\/ulaziaharagiak.com\/es\/wp-json\/wp\/v2\/pages\/640\/revisions\/641"}],"wp:attachment":[{"href":"https:\/\/ulaziaharagiak.com\/es\/wp-json\/wp\/v2\/media?parent=640"}],"curies":[{"name":"wp","href":"https:\/\/api.w.org\/{rel}","templated":true}]}}