{"id":607,"date":"2020-05-11T08:48:51","date_gmt":"2020-05-11T08:48:51","guid":{"rendered":"http:\/\/ulaziaharagiak.com\/producto\/morcillo\/"},"modified":"2020-05-11T08:48:51","modified_gmt":"2020-05-11T08:48:51","slug":"morcillo","status":"publish","type":"product","link":"https:\/\/ulaziaharagiak.com\/es\/producto\/morcillo\/","title":{"rendered":"Morcillo"},"content":{"rendered":"<p>El morcillo es un corte irregular que corresponde a la parte baja de la pierna de la ternera. Carne magra, melosa con muchas fibras de col\u00e1geno.<\/p>\n<h4>Preparaci\u00f3n:<\/h4>\n<p>Carne muy buena para la preparaci\u00f3n de caldos y sopas. Tambi\u00e9n es ideal para la elaboraci\u00f3n de guisos, asados y estofados.<\/p>\n","protected":false},"excerpt":{"rendered":"<p><strong>(PARTE BAJA DE LA PIERNA)<\/strong><br \/>\nPaquete de 2Kg<\/p>\n","protected":false},"featured_media":473,"template":"","meta":{"_et_pb_use_builder":"","_et_pb_old_content":"","_et_gb_content_width":""},"product_brand":[],"product_cat":[35],"product_tag":[],"class_list":{"0":"post-607","1":"product","2":"type-product","3":"status-publish","4":"has-post-thumbnail","6":"product_cat-sin-categorizar","8":"first","9":"instock","10":"taxable","11":"shipping-taxable","12":"purchasable","13":"product-type-simple"},"yoast_head":"<!-- This site is optimized with the Yoast SEO plugin v24.4 - https:\/\/yoast.com\/wordpress\/plugins\/seo\/ -->\n<title>Morcillo - Ulazia Haragiak<\/title>\n<meta name=\"robots\" content=\"index, follow, max-snippet:-1, max-image-preview:large, max-video-preview:-1\" \/>\n<link rel=\"canonical\" href=\"https:\/\/ulaziaharagiak.com\/es\/producto\/morcillo\/\" \/>\n<meta property=\"og:locale\" content=\"es_ES\" \/>\n<meta property=\"og:type\" content=\"article\" \/>\n<meta property=\"og:title\" content=\"Morcillo - Ulazia Haragiak\" \/>\n<meta property=\"og:description\" content=\"(PARTE BAJA DE LA PIERNA) Paquete de 2Kg\" \/>\n<meta property=\"og:url\" content=\"https:\/\/ulaziaharagiak.com\/es\/producto\/morcillo\/\" \/>\n<meta property=\"og:site_name\" content=\"Ulazia Haragiak\" \/>\n<meta property=\"og:image\" content=\"https:\/\/ulaziaharagiak.com\/wp-content\/uploads\/2020\/05\/zankarra-1.jpg\" \/>\n\t<meta property=\"og:image:width\" content=\"400\" \/>\n\t<meta property=\"og:image:height\" content=\"400\" \/>\n\t<meta property=\"og:image:type\" content=\"image\/jpeg\" \/>\n<meta name=\"twitter:card\" content=\"summary_large_image\" \/>\n<script type=\"application\/ld+json\" class=\"yoast-schema-graph\">{\"@context\":\"https:\/\/schema.org\",\"@graph\":[{\"@type\":\"WebPage\",\"@id\":\"https:\/\/ulaziaharagiak.com\/es\/producto\/morcillo\/\",\"url\":\"https:\/\/ulaziaharagiak.com\/es\/producto\/morcillo\/\",\"name\":\"Morcillo - Ulazia Haragiak\",\"isPartOf\":{\"@id\":\"https:\/\/ulaziaharagiak.com\/es\/#website\"},\"primaryImageOfPage\":{\"@id\":\"https:\/\/ulaziaharagiak.com\/es\/producto\/morcillo\/#primaryimage\"},\"image\":{\"@id\":\"https:\/\/ulaziaharagiak.com\/es\/producto\/morcillo\/#primaryimage\"},\"thumbnailUrl\":\"https:\/\/ulaziaharagiak.com\/wp-content\/uploads\/2020\/05\/zankarra-1.jpg\",\"datePublished\":\"2020-05-11T08:48:51+00:00\",\"breadcrumb\":{\"@id\":\"https:\/\/ulaziaharagiak.com\/es\/producto\/morcillo\/#breadcrumb\"},\"inLanguage\":\"es\",\"potentialAction\":[{\"@type\":\"ReadAction\",\"target\":[\"https:\/\/ulaziaharagiak.com\/es\/producto\/morcillo\/\"]}]},{\"@type\":\"ImageObject\",\"inLanguage\":\"es\",\"@id\":\"https:\/\/ulaziaharagiak.com\/es\/producto\/morcillo\/#primaryimage\",\"url\":\"https:\/\/ulaziaharagiak.com\/wp-content\/uploads\/2020\/05\/zankarra-1.jpg\",\"contentUrl\":\"https:\/\/ulaziaharagiak.com\/wp-content\/uploads\/2020\/05\/zankarra-1.jpg\",\"width\":400,\"height\":400},{\"@type\":\"BreadcrumbList\",\"@id\":\"https:\/\/ulaziaharagiak.com\/es\/producto\/morcillo\/#breadcrumb\",\"itemListElement\":[{\"@type\":\"ListItem\",\"position\":1,\"name\":\"Portada\",\"item\":\"https:\/\/ulaziaharagiak.com\/es\/\"},{\"@type\":\"ListItem\",\"position\":2,\"name\":\"Tienda\",\"item\":\"https:\/\/ulaziaharagiak.com\/es\/tienda\/\"},{\"@type\":\"ListItem\",\"position\":3,\"name\":\"Morcillo\"}]},{\"@type\":\"WebSite\",\"@id\":\"https:\/\/ulaziaharagiak.com\/es\/#website\",\"url\":\"https:\/\/ulaziaharagiak.com\/es\/\",\"name\":\"Ulazia Haragiak\",\"description\":\"Carne seleccionada\",\"publisher\":{\"@id\":\"https:\/\/ulaziaharagiak.com\/es\/#organization\"},\"potentialAction\":[{\"@type\":\"SearchAction\",\"target\":{\"@type\":\"EntryPoint\",\"urlTemplate\":\"https:\/\/ulaziaharagiak.com\/es\/?s={search_term_string}\"},\"query-input\":{\"@type\":\"PropertyValueSpecification\",\"valueRequired\":true,\"valueName\":\"search_term_string\"}}],\"inLanguage\":\"es\"},{\"@type\":\"Organization\",\"@id\":\"https:\/\/ulaziaharagiak.com\/es\/#organization\",\"name\":\"Ulazia Haragiak s.l.\",\"url\":\"https:\/\/ulaziaharagiak.com\/es\/\",\"logo\":{\"@type\":\"ImageObject\",\"inLanguage\":\"es\",\"@id\":\"https:\/\/ulaziaharagiak.com\/es\/#\/schema\/logo\/image\/\",\"url\":\"http:\/\/ulaziaharagiak.com\/wp-content\/uploads\/2020\/07\/ulazia-haragiak.jpg\",\"contentUrl\":\"http:\/\/ulaziaharagiak.com\/wp-content\/uploads\/2020\/07\/ulazia-haragiak.jpg\",\"width\":320,\"height\":180,\"caption\":\"Ulazia Haragiak s.l.\"},\"image\":{\"@id\":\"https:\/\/ulaziaharagiak.com\/es\/#\/schema\/logo\/image\/\"}}]}<\/script>\n<!-- \/ Yoast SEO plugin. -->","yoast_head_json":{"title":"Morcillo - Ulazia Haragiak","robots":{"index":"index","follow":"follow","max-snippet":"max-snippet:-1","max-image-preview":"max-image-preview:large","max-video-preview":"max-video-preview:-1"},"canonical":"https:\/\/ulaziaharagiak.com\/es\/producto\/morcillo\/","og_locale":"es_ES","og_type":"article","og_title":"Morcillo - Ulazia Haragiak","og_description":"(PARTE BAJA DE LA PIERNA) Paquete de 2Kg","og_url":"https:\/\/ulaziaharagiak.com\/es\/producto\/morcillo\/","og_site_name":"Ulazia Haragiak","og_image":[{"width":400,"height":400,"url":"https:\/\/ulaziaharagiak.com\/wp-content\/uploads\/2020\/05\/zankarra-1.jpg","type":"image\/jpeg"}],"twitter_card":"summary_large_image","schema":{"@context":"https:\/\/schema.org","@graph":[{"@type":"WebPage","@id":"https:\/\/ulaziaharagiak.com\/es\/producto\/morcillo\/","url":"https:\/\/ulaziaharagiak.com\/es\/producto\/morcillo\/","name":"Morcillo - Ulazia Haragiak","isPartOf":{"@id":"https:\/\/ulaziaharagiak.com\/es\/#website"},"primaryImageOfPage":{"@id":"https:\/\/ulaziaharagiak.com\/es\/producto\/morcillo\/#primaryimage"},"image":{"@id":"https:\/\/ulaziaharagiak.com\/es\/producto\/morcillo\/#primaryimage"},"thumbnailUrl":"https:\/\/ulaziaharagiak.com\/wp-content\/uploads\/2020\/05\/zankarra-1.jpg","datePublished":"2020-05-11T08:48:51+00:00","breadcrumb":{"@id":"https:\/\/ulaziaharagiak.com\/es\/producto\/morcillo\/#breadcrumb"},"inLanguage":"es","potentialAction":[{"@type":"ReadAction","target":["https:\/\/ulaziaharagiak.com\/es\/producto\/morcillo\/"]}]},{"@type":"ImageObject","inLanguage":"es","@id":"https:\/\/ulaziaharagiak.com\/es\/producto\/morcillo\/#primaryimage","url":"https:\/\/ulaziaharagiak.com\/wp-content\/uploads\/2020\/05\/zankarra-1.jpg","contentUrl":"https:\/\/ulaziaharagiak.com\/wp-content\/uploads\/2020\/05\/zankarra-1.jpg","width":400,"height":400},{"@type":"BreadcrumbList","@id":"https:\/\/ulaziaharagiak.com\/es\/producto\/morcillo\/#breadcrumb","itemListElement":[{"@type":"ListItem","position":1,"name":"Portada","item":"https:\/\/ulaziaharagiak.com\/es\/"},{"@type":"ListItem","position":2,"name":"Tienda","item":"https:\/\/ulaziaharagiak.com\/es\/tienda\/"},{"@type":"ListItem","position":3,"name":"Morcillo"}]},{"@type":"WebSite","@id":"https:\/\/ulaziaharagiak.com\/es\/#website","url":"https:\/\/ulaziaharagiak.com\/es\/","name":"Ulazia Haragiak","description":"Carne seleccionada","publisher":{"@id":"https:\/\/ulaziaharagiak.com\/es\/#organization"},"potentialAction":[{"@type":"SearchAction","target":{"@type":"EntryPoint","urlTemplate":"https:\/\/ulaziaharagiak.com\/es\/?s={search_term_string}"},"query-input":{"@type":"PropertyValueSpecification","valueRequired":true,"valueName":"search_term_string"}}],"inLanguage":"es"},{"@type":"Organization","@id":"https:\/\/ulaziaharagiak.com\/es\/#organization","name":"Ulazia Haragiak s.l.","url":"https:\/\/ulaziaharagiak.com\/es\/","logo":{"@type":"ImageObject","inLanguage":"es","@id":"https:\/\/ulaziaharagiak.com\/es\/#\/schema\/logo\/image\/","url":"http:\/\/ulaziaharagiak.com\/wp-content\/uploads\/2020\/07\/ulazia-haragiak.jpg","contentUrl":"http:\/\/ulaziaharagiak.com\/wp-content\/uploads\/2020\/07\/ulazia-haragiak.jpg","width":320,"height":180,"caption":"Ulazia Haragiak s.l."},"image":{"@id":"https:\/\/ulaziaharagiak.com\/es\/#\/schema\/logo\/image\/"}}]}},"_links":{"self":[{"href":"https:\/\/ulaziaharagiak.com\/es\/wp-json\/wp\/v2\/product\/607","targetHints":{"allow":["GET"]}}],"collection":[{"href":"https:\/\/ulaziaharagiak.com\/es\/wp-json\/wp\/v2\/product"}],"about":[{"href":"https:\/\/ulaziaharagiak.com\/es\/wp-json\/wp\/v2\/types\/product"}],"wp:featuredmedia":[{"embeddable":true,"href":"https:\/\/ulaziaharagiak.com\/es\/wp-json\/wp\/v2\/media\/473"}],"wp:attachment":[{"href":"https:\/\/ulaziaharagiak.com\/es\/wp-json\/wp\/v2\/media?parent=607"}],"wp:term":[{"taxonomy":"product_brand","embeddable":true,"href":"https:\/\/ulaziaharagiak.com\/es\/wp-json\/wp\/v2\/product_brand?post=607"},{"taxonomy":"product_cat","embeddable":true,"href":"https:\/\/ulaziaharagiak.com\/es\/wp-json\/wp\/v2\/product_cat?post=607"},{"taxonomy":"product_tag","embeddable":true,"href":"https:\/\/ulaziaharagiak.com\/es\/wp-json\/wp\/v2\/product_tag?post=607"}],"curies":[{"name":"wp","href":"https:\/\/api.w.org\/{rel}","templated":true}]}}